{"id":259,"date":"2021-08-31T14:05:18","date_gmt":"2021-08-31T12:05:18","guid":{"rendered":"https:\/\/www.force.hu\/wordpress\/?page_id=259"},"modified":"2021-08-31T14:30:48","modified_gmt":"2021-08-31T12:30:48","slug":"tarsasag-dolgozoi-reszere","status":"publish","type":"page","link":"https:\/\/www.force.hu\/wordpress\/tarsasag-dolgozoi-reszere\/","title":{"rendered":"T\u00e1rsas\u00e1g dolgoz\u00f3i r\u00e9sz\u00e9re"},"content":{"rendered":"\t\t<div data-elementor-type=\"wp-page\" data-elementor-id=\"259\" class=\"elementor elementor-259\" data-elementor-settings=\"[]\">\n\t\t\t\t\t\t\t<div class=\"elementor-section-wrap\">\n\t\t\t\t\t\t\t<section class=\"elementor-section elementor-top-section elementor-element elementor-element-201471c8 elementor-section-stretched elementor-section-boxed elementor-section-height-default elementor-section-height-default\" data-id=\"201471c8\" data-element_type=\"section\" data-settings=\"{&quot;stretch_section&quot;:&quot;section-stretched&quot;,&quot;background_background&quot;:&quot;gradient&quot;}\">\n\t\t\t\t\t\t<div class=\"elementor-container elementor-column-gap-default\">\n\t\t\t\t\t<div class=\"elementor-column elementor-col-100 elementor-top-column elementor-element elementor-element-7158d127\" data-id=\"7158d127\" data-element_type=\"column\">\n\t\t\t<div class=\"elementor-widget-wrap elementor-element-populated\">\n\t\t\t\t\t\t\t\t<div class=\"elementor-element elementor-element-1424099d elementor-widget elementor-widget-heading\" data-id=\"1424099d\" data-element_type=\"widget\" data-widget_type=\"heading.default\">\n\t\t\t\t<div class=\"elementor-widget-container\">\n\t\t\t<h2 class=\"elementor-heading-title elementor-size-xxl\">T\u00e1rsas\u00e1g dolgoz\u00f3i r\u00e9sz\u00e9re<\/h2>\t\t<\/div>\n\t\t\t\t<\/div>\n\t\t\t\t\t<\/div>\n\t\t<\/div>\n\t\t\t\t\t\t\t<\/div>\n\t\t<\/section>\n\t\t\t\t\t\t<\/div>\n\t\t\t\t\t<\/div>\n\t\t","protected":false},"excerpt":{"rendered":"<p>T\u00e1rsas\u00e1g dolgoz\u00f3i r\u00e9sz\u00e9re<\/p>\n","protected":false},"author":1,"featured_media":0,"parent":0,"menu_order":0,"comment_status":"closed","ping_status":"closed","template":"elementor_header_footer","meta":[],"_links":{"self":[{"href":"https:\/\/www.force.hu\/wordpress\/wp-json\/wp\/v2\/pages\/259"}],"collection":[{"href":"https:\/\/www.force.hu\/wordpress\/wp-json\/wp\/v2\/pages"}],"about":[{"href":"https:\/\/www.force.hu\/wordpress\/wp-json\/wp\/v2\/types\/page"}],"author":[{"embeddable":true,"href":"https:\/\/www.force.hu\/wordpress\/wp-json\/wp\/v2\/users\/1"}],"replies":[{"embeddable":true,"href":"https:\/\/www.force.hu\/wordpress\/wp-json\/wp\/v2\/comments?post=259"}],"version-history":[{"count":7,"href":"https:\/\/www.force.hu\/wordpress\/wp-json\/wp\/v2\/pages\/259\/revisions"}],"predecessor-version":[{"id":267,"href":"https:\/\/www.force.hu\/wordpress\/wp-json\/wp\/v2\/pages\/259\/revisions\/267"}],"wp:attachment":[{"href":"https:\/\/www.force.hu\/wordpress\/wp-json\/wp\/v2\/media?parent=259"}],"curies":[{"name":"wp","href":"https:\/\/api.w.org\/{rel}","templated":true}]}}