{"id":2,"date":"2021-07-05T09:18:43","date_gmt":"2021-07-05T09:18:43","guid":{"rendered":"http:\/\/192.168.1.5\/wordpress\/?page_id=2"},"modified":"2021-07-15T15:07:48","modified_gmt":"2021-07-15T13:07:48","slug":"projekt-leiras","status":"publish","type":"page","link":"https:\/\/www.force.hu\/wordpress\/projekt-leiras\/","title":{"rendered":"Projekt le\u00edr\u00e1s"},"content":{"rendered":"\t\t<div data-elementor-type=\"wp-page\" data-elementor-id=\"2\" class=\"elementor elementor-2\" data-elementor-settings=\"[]\">\n\t\t\t\t\t\t\t<div class=\"elementor-section-wrap\">\n\t\t\t\t\t\t\t<section class=\"elementor-section elementor-top-section elementor-element elementor-element-388f54f7 elementor-section-stretched elementor-section-boxed elementor-section-height-default elementor-section-height-default\" data-id=\"388f54f7\" data-element_type=\"section\" data-settings=\"{&quot;stretch_section&quot;:&quot;section-stretched&quot;,&quot;background_background&quot;:&quot;gradient&quot;}\">\n\t\t\t\t\t\t<div class=\"elementor-container elementor-column-gap-default\">\n\t\t\t\t\t<div class=\"elementor-column elementor-col-100 elementor-top-column elementor-element elementor-element-e7df1c8\" data-id=\"e7df1c8\" data-element_type=\"column\">\n\t\t\t<div class=\"elementor-widget-wrap elementor-element-populated\">\n\t\t\t\t\t\t\t\t<div class=\"elementor-element elementor-element-d292515 elementor-widget elementor-widget-heading\" data-id=\"d292515\" data-element_type=\"widget\" data-widget_type=\"heading.default\">\n\t\t\t\t<div class=\"elementor-widget-container\">\n\t\t\t<h2 class=\"elementor-heading-title elementor-size-xxl\">SZ\u00c9CH\u00c9NYI 2020<\/h2>\t\t<\/div>\n\t\t\t\t<\/div>\n\t\t\t\t\t<\/div>\n\t\t<\/div>\n\t\t\t\t\t\t\t<\/div>\n\t\t<\/section>\n\t\t\t\t<section class=\"elementor-section elementor-top-section elementor-element elementor-element-55bc020f elementor-section-boxed elementor-section-height-default elementor-section-height-default\" data-id=\"55bc020f\" data-element_type=\"section\">\n\t\t\t\t\t\t<div class=\"elementor-container elementor-column-gap-default\">\n\t\t\t\t\t<div class=\"elementor-column elementor-col-100 elementor-top-column elementor-element elementor-element-63074afe\" data-id=\"63074afe\" data-element_type=\"column\">\n\t\t\t<div class=\"elementor-widget-wrap elementor-element-populated\">\n\t\t\t\t\t\t\t\t<div class=\"elementor-element elementor-element-bb52609 elementor-widget elementor-widget-image\" data-id=\"bb52609\" data-element_type=\"widget\" data-widget_type=\"image.default\">\n\t\t\t\t<div class=\"elementor-widget-container\">\n\t\t\t\t\t\t\t\t\t\t\t\t\t\t\t<img width=\"1856\" height=\"1313\" src=\"https:\/\/www.force.hu\/wordpress\/wp-content\/uploads\/2021\/07\/vekop_1_2_6_20_2020_00612.jpg\" class=\"attachment-full size-full\" alt=\"\" loading=\"lazy\" srcset=\"https:\/\/www.force.hu\/wordpress\/wp-content\/uploads\/2021\/07\/vekop_1_2_6_20_2020_00612.jpg 1856w, https:\/\/www.force.hu\/wordpress\/wp-content\/uploads\/2021\/07\/vekop_1_2_6_20_2020_00612-300x212.jpg 300w, https:\/\/www.force.hu\/wordpress\/wp-content\/uploads\/2021\/07\/vekop_1_2_6_20_2020_00612-1024x724.jpg 1024w, https:\/\/www.force.hu\/wordpress\/wp-content\/uploads\/2021\/07\/vekop_1_2_6_20_2020_00612-768x543.jpg 768w, https:\/\/www.force.hu\/wordpress\/wp-content\/uploads\/2021\/07\/vekop_1_2_6_20_2020_00612-1536x1087.jpg 1536w\" sizes=\"(max-width: 1856px) 100vw, 1856px\" \/>\t\t\t\t\t\t\t\t\t\t\t\t\t\t\t<\/div>\n\t\t\t\t<\/div>\n\t\t\t\t\t<\/div>\n\t\t<\/div>\n\t\t\t\t\t\t\t<\/div>\n\t\t<\/section>\n\t\t\t\t<section class=\"elementor-section elementor-top-section elementor-element elementor-element-6c38548 elementor-section-boxed elementor-section-height-default elementor-section-height-default\" data-id=\"6c38548\" data-element_type=\"section\">\n\t\t\t\t\t\t<div class=\"elementor-container elementor-column-gap-default\">\n\t\t\t\t\t<div class=\"elementor-column elementor-col-100 elementor-top-column elementor-element elementor-element-c50b9f8\" data-id=\"c50b9f8\" data-element_type=\"column\">\n\t\t\t<div class=\"elementor-widget-wrap elementor-element-populated\">\n\t\t\t\t\t\t\t\t<div class=\"elementor-element elementor-element-5ad5ba9 elementor-widget elementor-widget-heading\" data-id=\"5ad5ba9\" data-element_type=\"widget\" data-widget_type=\"heading.default\">\n\t\t\t\t<div class=\"elementor-widget-container\">\n\t\t\t<h2 class=\"elementor-heading-title elementor-size-default\">Projekt le\u00edr\u00e1s<\/h2>\t\t<\/div>\n\t\t\t\t<\/div>\n\t\t\t\t<div class=\"elementor-element elementor-element-039f5d5 elementor-widget elementor-widget-text-editor\" data-id=\"039f5d5\" data-element_type=\"widget\" data-widget_type=\"text-editor.default\">\n\t\t\t\t<div class=\"elementor-widget-container\">\n\t\t\t\t\t\t\t<!-- wp:paragraph -->\n<p>T\u00e1rsas\u00e1gunkn\u00e1l a projekt megval\u00f3s\u00edt\u00e1sa sor\u00e1n beszerz\u00e9sre \u00e9s be\u00fczemel\u00e9sre ker\u00fclt,<\/p>\n<p>1 db KOBELCO SK180LC-10 l\u00e1nctalpas kotr\u00f3g\u00e9p,<\/p>\n<p>mellyel termel\u00e9si folyamatunkat moderniz\u00e1ltuk \u00e9s kib\u0151v\u00edtett\u00fck, lehet\u0151s\u00e9get teremtve ezzel a kor\u00e1bbi l\u00e9tsz\u00e1munk fenntart\u00e1s\u00e1hoz, b\u0151v\u00edt\u00e9s\u00e9hez.<\/p>\n<p>A projekt befejez\u00e9si d\u00e1tuma: 2020. december 02.<\/p>\n<p>A Projekt azonos\u00edt\u00f3 sz\u00e1ma: VEKOP-1.2.6-20-2020-00612<\/p>\n<p>A t\u00e1mogat\u00e1s m\u00e9rt\u00e9ke: 55,87 %<\/p>\n<!-- \/wp:paragraph -->\t\t\t\t\t\t<\/div>\n\t\t\t\t<\/div>\n\t\t\t\t\t<\/div>\n\t\t<\/div>\n\t\t\t\t\t\t\t<\/div>\n\t\t<\/section>\n\t\t\t\t\t\t<\/div>\n\t\t\t\t\t<\/div>\n\t\t","protected":false},"excerpt":{"rendered":"<p>SZ\u00c9CH\u00c9NYI 2020 Projekt le\u00edr\u00e1s T\u00e1rsas\u00e1gunkn\u00e1l a projekt megval\u00f3s\u00edt\u00e1sa sor\u00e1n beszerz\u00e9sre \u00e9s be\u00fczemel\u00e9sre ker\u00fclt, 1 db KOBELCO SK180LC-10 l\u00e1nctalpas kotr\u00f3g\u00e9p, mellyel termel\u00e9si folyamatunkat moderniz\u00e1ltuk \u00e9s kib\u0151v\u00edtett\u00fck, lehet\u0151s\u00e9get teremtve ezzel a kor\u00e1bbi l\u00e9tsz\u00e1munk fenntart\u00e1s\u00e1hoz, b\u0151v\u00edt\u00e9s\u00e9hez. A projekt befejez\u00e9si d\u00e1tuma: 2020. december 02. A Projekt azonos\u00edt\u00f3 sz\u00e1ma: VEKOP-1.2.6-20-2020-00612 A t\u00e1mogat\u00e1s m\u00e9rt\u00e9ke: 55,87 %<\/p>\n","protected":false},"author":1,"featured_media":0,"parent":0,"menu_order":0,"comment_status":"closed","ping_status":"open","template":"elementor_header_footer","meta":[],"_links":{"self":[{"href":"https:\/\/www.force.hu\/wordpress\/wp-json\/wp\/v2\/pages\/2"}],"collection":[{"href":"https:\/\/www.force.hu\/wordpress\/wp-json\/wp\/v2\/pages"}],"about":[{"href":"https:\/\/www.force.hu\/wordpress\/wp-json\/wp\/v2\/types\/page"}],"author":[{"embeddable":true,"href":"https:\/\/www.force.hu\/wordpress\/wp-json\/wp\/v2\/users\/1"}],"replies":[{"embeddable":true,"href":"https:\/\/www.force.hu\/wordpress\/wp-json\/wp\/v2\/comments?post=2"}],"version-history":[{"count":7,"href":"https:\/\/www.force.hu\/wordpress\/wp-json\/wp\/v2\/pages\/2\/revisions"}],"predecessor-version":[{"id":130,"href":"https:\/\/www.force.hu\/wordpress\/wp-json\/wp\/v2\/pages\/2\/revisions\/130"}],"wp:attachment":[{"href":"https:\/\/www.force.hu\/wordpress\/wp-json\/wp\/v2\/media?parent=2"}],"curies":[{"name":"wp","href":"https:\/\/api.w.org\/{rel}","templated":true}]}}